{"id":5654,"date":"2019-06-04T11:08:35","date_gmt":"2019-06-04T11:08:35","guid":{"rendered":"http:\/\/s785320116.mialojamiento.es\/?page_id=5654"},"modified":"2020-06-16T07:10:28","modified_gmt":"2020-06-16T07:10:28","slug":"history","status":"publish","type":"page","link":"https:\/\/armadacider1588.com\/es\/history","title":{"rendered":"Historia"},"content":{"rendered":"<div data-font-color=\"light\" class=\"wvc-clearfix  wvc-row wvc-parent-row wvc-row-width-wide wvc-row-layout-column wvc-video-bg-is-mute wvc-row-bg-effect-none wvc-row-bg-image wvc-font-light wvc-border-color-none wvc-background-color-default wvc-row-content-placement-default wvc-row-columns-placement-default section\" style=\"\"><div class=\"wvc-img-bg\" style=\"background-color:#121780;\"><img\r\n\t\t\t\tsrc=\"https:\/\/armadacider1588.com\/wp-content\/plugins\/wolf-visual-composer\/assets\/img\/blank.gif\"\r\n\t\t\t\tstyle=\"object-position:50% 50%;\"\r\n\t\t\t\tdata-src=\"https:\/\/armadacider1588.com\/wp-content\/uploads\/2019\/06\/parallax_pic1_Blue__-1024x457.jpg\" srcset=\"https:\/\/armadacider1588.com\/wp-content\/uploads\/2019\/06\/parallax_pic1_Blue__-1024x457.jpg 1024w, https:\/\/armadacider1588.com\/wp-content\/uploads\/2019\/06\/parallax_pic1_Blue__-1024x457-300x134.jpg 300w, https:\/\/armadacider1588.com\/wp-content\/uploads\/2019\/06\/parallax_pic1_Blue__-1024x457-768x343.jpg 768w, https:\/\/armadacider1588.com\/wp-content\/uploads\/2019\/06\/parallax_pic1_Blue__-1024x457-500x223.jpg 500w, https:\/\/armadacider1588.com\/wp-content\/uploads\/2019\/06\/parallax_pic1_Blue__-1024x457-550x245.jpg 550w, https:\/\/armadacider1588.com\/wp-content\/uploads\/2019\/06\/parallax_pic1_Blue__-1024x457-400x179.jpg 400w, https:\/\/armadacider1588.com\/wp-content\/uploads\/2019\/06\/parallax_pic1_Blue__-1024x457-709x316.jpg 709w\" class=\"wvc-img-cover wvc-lazy-hidden wvc-lazyload-bg\"\r\n\t\t\t\tsizes=\"(max-width: 1024px) 100vw, 1024px\"\r\n\t\t\t\talt=\"\"><div class=\"wvc-img-bg-overlay\"><\/div><\/div><div style=\"opacity:0.37;\" class=\"wvc-bg-overlay wvc-background-color-black\"><\/div><!--.wvc-bg-overlay--><div class=\"wvc-row-wrapper wvc-row-wrapper-width-standard wvc-row-column-equal-height-\" style=\"\"><div class=\"wvc-row-content\"><div class=\"wvc-columns-container\" style=\"\"><div id=\"wvc-col-655\" class=\"wvc-col-12 wvc-column wvc-column-content-placement-default wvc-column-content-type-default wvc-column-content-alignment-center wvc-column-text-alignment-default\" data-base-width-int=\"12\" style=\"\"><div class=\"wvc-column-container wvc-column-bg-default wvc-column-bg-effect-none wvc-font-inherit wvc-column-font-inherit wvc-column-style-none wvc-border-color-none wvc-background-color-default\" style=\"\"><div class=\"wvc-column-inner\"><div class=\"wvc-column-wrapper wpb_wrapper\" style=\"\"><section class=\"wvc-typed-container wvc-text-center wvc-element\" style=\"\"><h2><span data-string=\"[&quot;Cider Recipe Since 1588&quot;]\"\r\ndata-cursor=\"|\"\r\ndata-loop=\"\"\r\ndata-speed=\"100\" class=\"wvc-typed\" id=\"wvc-typed-614\" style=\"font-style:normal;font-family:;font-weight:400;font-style:normal;text-transform:uppercase;font-size:48px;\"><\/span><\/h2><\/section><\/div><!--.wvc-column-wrapper--><\/div><!--.wvc-column-inner--><\/div><!--.wvc-column-container--><\/div><!--.wvc-column--><\/div><!--.wvc-columns-container--><\/div><!--.wvc-row-content--><\/div><!--.wvc-row-wrapper--><\/div><!--.wvc-row--><div  data-font-color=\"dark\" class=\"wvc-clearfix  wvc-row wvc-parent-row wvc-row-width-wide wvc-row-layout-column wvc-video-bg-is-mute wvc-row-bg-effect-none wvc-row-bg-image wvc-font-dark wvc-border-color-none wvc-background-color-default wvc-row-content-placement-default wvc-row-columns-placement-default section\" style=\"\"><div  class=\"wvc-img-bg\" style=\"background-position:center center;background-repeat:repeat;background-image:url(https:\/\/armadacider1588.com\/wp-content\/uploads\/2017\/11\/lightpaperfibers.png);\"><\/div><div class=\"wvc-row-wrapper wvc-row-wrapper-width-standard wvc-row-column-equal-height-\" style=\"\"><div class=\"wvc-row-content\"><div class=\"wvc-columns-container\" style=\"\"><div id=\"wvc-col-6285\" class=\"wvc-col-6 wvc-column wvc-column-content-placement-default wvc-column-content-type-default wvc-column-content-alignment-center wvc-column-text-alignment-default\" data-base-width-int=\"6\" style=\"\"><div class=\"wvc-column-container wvc-column-bg-default wvc-column-bg-effect-none wvc-font-inherit wvc-column-font-inherit wvc-column-style-none wvc-border-color-none wvc-background-color-default\" style=\"\"><div class=\"wvc-column-inner\"><div class=\"wvc-column-wrapper wpb_wrapper\" style=\"\"><div class=\"wvc-text-block wvc-clearfix wvc-element wvc-mobile-text-align-\" style=\"animation-delay:0.002s;-webkit-animation-delay:0.002s;\"><div class=\"wbp_wrapper\"><div class=\"page\" title=\"Page 5\">\n<div class=\"layoutArea\">\n<div class=\"column\">\n<div class=\"page\" title=\"Page 5\">\n<div class=\"layoutArea\">\n<div class=\"column\">\n<figure id=\"attachment_5799\" aria-describedby=\"caption-attachment-5799\" style=\"width: 262px\" class=\"wp-caption alignright\"><a href=\"http:\/\/armadacider1588.com\/wp-content\/uploads\/2019\/06\/Elizabeth-I-de-Inglaterra.jpg\"><img loading=\"lazy\" decoding=\"async\" class=\"wp-image-5799 size-medium\" src=\"http:\/\/armadacider1588.com\/wp-content\/uploads\/2019\/06\/Elizabeth-I-de-Inglaterra-262x300.jpg\" alt=\"\" width=\"262\" height=\"300\" srcset=\"https:\/\/armadacider1588.com\/wp-content\/uploads\/2019\/06\/Elizabeth-I-de-Inglaterra-262x300.jpg 262w, https:\/\/armadacider1588.com\/wp-content\/uploads\/2019\/06\/Elizabeth-I-de-Inglaterra-768x881.jpg 768w, https:\/\/armadacider1588.com\/wp-content\/uploads\/2019\/06\/Elizabeth-I-de-Inglaterra-893x1024.jpg 893w, https:\/\/armadacider1588.com\/wp-content\/uploads\/2019\/06\/Elizabeth-I-de-Inglaterra-497x570.jpg 497w, https:\/\/armadacider1588.com\/wp-content\/uploads\/2019\/06\/Elizabeth-I-de-Inglaterra-436x500.jpg 436w, https:\/\/armadacider1588.com\/wp-content\/uploads\/2019\/06\/Elizabeth-I-de-Inglaterra-550x631.jpg 550w, https:\/\/armadacider1588.com\/wp-content\/uploads\/2019\/06\/Elizabeth-I-de-Inglaterra-500x573.jpg 500w, https:\/\/armadacider1588.com\/wp-content\/uploads\/2019\/06\/Elizabeth-I-de-Inglaterra-349x400.jpg 349w, https:\/\/armadacider1588.com\/wp-content\/uploads\/2019\/06\/Elizabeth-I-de-Inglaterra-1200x1376.jpg 1200w, https:\/\/armadacider1588.com\/wp-content\/uploads\/2019\/06\/Elizabeth-I-de-Inglaterra-709x813.jpg 709w, https:\/\/armadacider1588.com\/wp-content\/uploads\/2019\/06\/Elizabeth-I-de-Inglaterra.jpg 1300w\" sizes=\"auto, (max-width: 262px) 100vw, 262px\" \/><\/a><figcaption id=\"caption-attachment-5799\" class=\"wp-caption-text\"><span style=\"font-size: 8pt\">Reina Isabel I de Inglaterra<\/span><\/figcaption><\/figure><\/p>\n<h6><span style=\"font-family: 'book antiqua', palatino, serif;font-size: 14pt\">Cuando La Armada Invencible de 130 nav\u00edos parti\u00f3 desde \u201cA Coru\u00f1a\u201d al noroeste de la Pen\u00ednsula Ib\u00e9rica el 19 de Julio de 1588, su misi\u00f3n no fue simplemente conquistar Inglaterra para restablecer la abolida Fe Cat\u00f3lica sino tambi\u00e9n conquistar el coraz\u00f3n de la reina inglesa Isabel I.<\/span><\/h6>\n<h6><span style=\"font-family: 'book antiqua', palatino, serif;font-size: 14pt\">El rey Felipe II de Castilla, que reinaba sobre los reinos de la actual Espa\u00f1a, estaba secretamente enamorado de Isabel I... pero ella lo rechaz\u00f3!<\/span><\/h6>\n<\/div>\n<\/div>\n<\/div>\n<\/div>\n<\/div>\n<\/div>\n<div class=\"page\" title=\"Page 5\">\n<div class=\"layoutArea\">\n<div class=\"column\">\n<div class=\"page\" title=\"Page 5\">\n<div class=\"layoutArea\">\n<div class=\"column\">\n<figure id=\"attachment_5790\" aria-describedby=\"caption-attachment-5790\" style=\"width: 244px\" class=\"wp-caption alignleft\"><a href=\"http:\/\/armadacider1588.com\/wp-content\/uploads\/2019\/06\/FelipeII_OK_S-1.jpg\"><img loading=\"lazy\" decoding=\"async\" class=\"wp-image-5790 size-medium\" src=\"http:\/\/armadacider1588.com\/wp-content\/uploads\/2019\/06\/FelipeII_OK_S-1-244x300.jpg\" alt=\"\" width=\"244\" height=\"300\" srcset=\"https:\/\/armadacider1588.com\/wp-content\/uploads\/2019\/06\/FelipeII_OK_S-1-244x300.jpg 244w, https:\/\/armadacider1588.com\/wp-content\/uploads\/2019\/06\/FelipeII_OK_S-1-463x570.jpg 463w, https:\/\/armadacider1588.com\/wp-content\/uploads\/2019\/06\/FelipeII_OK_S-1-406x500.jpg 406w, https:\/\/armadacider1588.com\/wp-content\/uploads\/2019\/06\/FelipeII_OK_S-1-500x615.jpg 500w, https:\/\/armadacider1588.com\/wp-content\/uploads\/2019\/06\/FelipeII_OK_S-1-325x400.jpg 325w, https:\/\/armadacider1588.com\/wp-content\/uploads\/2019\/06\/FelipeII_OK_S-1.jpg 512w\" sizes=\"auto, (max-width: 244px) 100vw, 244px\" \/><\/a><figcaption id=\"caption-attachment-5790\" class=\"wp-caption-text\"><span style=\"font-size: 8pt\">Rey Felipe II<\/span><\/figcaption><\/figure><\/p>\n<h6><span style=\"font-family: 'book antiqua', palatino, serif;font-size: 14pt\">Para celebrar la conquista de Inglaterra (y tambi\u00e9n de Isabel I) el Rey Felipe II embarc\u00f3 m\u00e1s de 2.000 barriles de cerveza (medida en \u00abQuintales\u00bb), 4.000 barriles de vino, pero sobre todo, en su buque insignia\n\u201cSan Martin\u201d y bajo la vigilancia directa del comandante de la Armada el Duque de Medina Sidonia, embarc\u00f3 unos 300 galones imperiales (1.364 litros) de su preciada \u201dsidra imperial de fermentaci\u00f3n natural\u201d a partir de una receta secreta, ahora replicada y elaborada en colaboraci\u00f3n con Bebidas Armadas S.L.<\/span><\/h6>\n<div class=\"layoutArea\">\n<div id=\"attachment_2546\" class=\"wp-caption alignleft\" style=\"width: 182px\">\n<figure id=\"attachment_5792\" aria-describedby=\"caption-attachment-5792\" style=\"width: 251px\" class=\"wp-caption alignleft\"><a href=\"http:\/\/armadacider1588.com\/wp-content\/uploads\/2019\/06\/Prensa_S-1.png\"><img loading=\"lazy\" decoding=\"async\" class=\"wp-image-5792\" src=\"http:\/\/armadacider1588.com\/wp-content\/uploads\/2019\/06\/Prensa_S-1.png\" alt=\"\" width=\"251\" height=\"244\" srcset=\"https:\/\/armadacider1588.com\/wp-content\/uploads\/2019\/06\/Prensa_S-1.png 473w, https:\/\/armadacider1588.com\/wp-content\/uploads\/2019\/06\/Prensa_S-1-300x292.png 300w, https:\/\/armadacider1588.com\/wp-content\/uploads\/2019\/06\/Prensa_S-1-400x389.png 400w\" sizes=\"auto, (max-width: 251px) 100vw, 251px\" \/><\/a><figcaption id=\"caption-attachment-5792\" class=\"wp-caption-text\"><span style=\"font-size: 8pt\">Prensa de sidra<\/span><\/figcaption><\/figure>\n<\/div>\n<h6><span style=\"font-family: 'book antiqua', palatino, serif;font-size: 14pt\">El Rey Felipe II estaba tan orgulloso de su sidra imperial de calidad que no permiti\u00f3 que fuese elaborada en ning\u00fan lugar del Imperio Espa\u00f1ol fuera de la Pen\u00ednsula Ib\u00e9rica.<\/span><\/h6>\n<h6><span style=\"font-family: 'book antiqua', palatino, serif;font-size: 14pt\">Hoy el \u201cArte\u201d de la sidra \"Craft Apple\" ha sido replicada artesanalmente usando 85% jugo de manzanas prensadas y\u00a0<strong>0% de az\u00facares a\u00f1adidos<\/strong>\u00a0, tal como era en 1588! M\u00e1s sidra! M\u00e1s jugo! M\u00e1s autenticidad!<\/span><\/h6>\n<\/div>\n<\/div>\n<\/div>\n<\/div>\n<\/div>\n<\/div>\n<\/div>\n<\/div><!--.wbp_wrapper--><\/div><!--.wvc-text-block--><\/div><!--.wvc-column-wrapper--><\/div><!--.wvc-column-inner--><\/div><!--.wvc-column-container--><\/div><!--.wvc-column--><div id=\"wvc-col-2716\" class=\"wvc-col-6 wvc-column wvc-column-content-placement-default wvc-column-content-type-default wvc-column-content-alignment-center wvc-column-text-alignment-default\" data-base-width-int=\"6\" style=\"\"><div class=\"wvc-column-container wvc-column-bg-default wvc-column-bg-effect-none wvc-font-inherit wvc-column-font-inherit wvc-column-style-none wvc-border-color-none wvc-background-color-default\" style=\"\"><div class=\"wvc-column-inner\"><div class=\"wvc-column-wrapper wpb_wrapper\" style=\"\"><div class=\"wvc-text-block wvc-clearfix wvc-element wvc-mobile-text-align-\" style=\"animation-delay:0.002s;-webkit-animation-delay:0.002s;\"><div class=\"wbp_wrapper\"><h6><span style=\"font-family: 'book antiqua', palatino, serif;font-size: 14pt\">Desafortunadamente, todos sabemos lo que le sucedi\u00f3 a la Armada: debido al mal tiempo los nav\u00edos tuvieron que abandonar su misi\u00f3n y volver a Espa\u00f1a v\u00eda las Islas \"Shetlands\", la costa oeste de Irlanda y la suroeste de Inglaterra. Muchos barcos se perdieron bajo las olas, o se hundieron a lo largo de la costa, y aquellos que no se perdieron, fueron gravemente da\u00f1ados.<\/span><\/h6>\n<div class=\"page\" title=\"Page 8\">\n<div class=\"layoutArea\">\n<div class=\"column\">\n<div class=\"page\" title=\"Page 8\">\n<div class=\"layoutArea\">\n<div class=\"column\">\n<div class=\"page\" title=\"Page 9\">\n<div class=\"layoutArea\">\n<figure id=\"attachment_5787\" aria-describedby=\"caption-attachment-5787\" style=\"width: 1024px\" class=\"wp-caption alignnone\"><a href=\"http:\/\/armadacider1588.com\/wp-content\/uploads\/2019\/06\/77788633_2000x883_S-1024x452.jpg\"><img loading=\"lazy\" decoding=\"async\" class=\"wp-image-5787 size-large\" src=\"http:\/\/armadacider1588.com\/wp-content\/uploads\/2019\/06\/77788633_2000x883_S-1024x452-1024x452.jpg\" alt=\"\" width=\"1024\" height=\"452\" srcset=\"https:\/\/armadacider1588.com\/wp-content\/uploads\/2019\/06\/77788633_2000x883_S-1024x452.jpg 1024w, https:\/\/armadacider1588.com\/wp-content\/uploads\/2019\/06\/77788633_2000x883_S-1024x452-300x132.jpg 300w, https:\/\/armadacider1588.com\/wp-content\/uploads\/2019\/06\/77788633_2000x883_S-1024x452-768x339.jpg 768w, https:\/\/armadacider1588.com\/wp-content\/uploads\/2019\/06\/77788633_2000x883_S-1024x452-500x221.jpg 500w, https:\/\/armadacider1588.com\/wp-content\/uploads\/2019\/06\/77788633_2000x883_S-1024x452-550x243.jpg 550w, https:\/\/armadacider1588.com\/wp-content\/uploads\/2019\/06\/77788633_2000x883_S-1024x452-400x177.jpg 400w, https:\/\/armadacider1588.com\/wp-content\/uploads\/2019\/06\/77788633_2000x883_S-1024x452-709x313.jpg 709w\" sizes=\"auto, (max-width: 1024px) 100vw, 1024px\" \/><\/a><figcaption id=\"caption-attachment-5787\" class=\"wp-caption-text\"><span style=\"font-size: 8pt\">La Invencible Armada Espa\u00f1ola<\/span><\/figcaption><\/figure><\/p>\n<h6 class=\"column\"><span style=\"font-family: 'book antiqua', palatino, serif;font-size: 14pt\">El buque insignia \u201cSan Martin\u201d consigui\u00f3 llegar al puerto de Santander en un estado lamentable pero no antes de arrojar la mayor parte de su carga al mar, incluyendo los barriles de sidra. Seg\u00fan la leyenda, estos barriles fueron arrastrados a las orillas de las costas sudoeste de Irlanda y de Cornualles, al sudoeste de Inglaterra, donde las que rescataron intactas fueron analizadas y consumidas por la poblacio\u0301n local (junto con las patatas de la Armada - S\u00ed, las patatas!). Curiosamente, hoy ambas \u00e1reas de Irlanda e Inglaterra son grandes productoras de sidra... (y patatas!) \u00bfCoincidencia?<\/span><\/h6>\n<h6 class=\"column\"><a href=\"http:\/\/armadacider1588.com\/wp-content\/uploads\/2019\/06\/Barriles_S-1024x577.png\"><img loading=\"lazy\" decoding=\"async\" class=\"alignnone wp-image-5788 size-large\" src=\"http:\/\/armadacider1588.com\/wp-content\/uploads\/2019\/06\/Barriles_S-1024x577-1024x577.png\" alt=\"\" width=\"1024\" height=\"577\" srcset=\"https:\/\/armadacider1588.com\/wp-content\/uploads\/2019\/06\/Barriles_S-1024x577.png 1024w, https:\/\/armadacider1588.com\/wp-content\/uploads\/2019\/06\/Barriles_S-1024x577-300x169.png 300w, https:\/\/armadacider1588.com\/wp-content\/uploads\/2019\/06\/Barriles_S-1024x577-768x433.png 768w, https:\/\/armadacider1588.com\/wp-content\/uploads\/2019\/06\/Barriles_S-1024x577-1012x570.png 1012w, https:\/\/armadacider1588.com\/wp-content\/uploads\/2019\/06\/Barriles_S-1024x577-500x282.png 500w, https:\/\/armadacider1588.com\/wp-content\/uploads\/2019\/06\/Barriles_S-1024x577-550x310.png 550w, https:\/\/armadacider1588.com\/wp-content\/uploads\/2019\/06\/Barriles_S-1024x577-400x225.png 400w, https:\/\/armadacider1588.com\/wp-content\/uploads\/2019\/06\/Barriles_S-1024x577-709x400.png 709w\" sizes=\"auto, (max-width: 1024px) 100vw, 1024px\" \/><\/a><\/h6>\n<\/div>\n<\/div>\n<\/div>\n<\/div>\n<\/div>\n<\/div>\n<\/div>\n<\/div>\n<\/div><!--.wbp_wrapper--><\/div><!--.wvc-text-block--><\/div><!--.wvc-column-wrapper--><\/div><!--.wvc-column-inner--><\/div><!--.wvc-column-container--><\/div><!--.wvc-column--><\/div><!--.wvc-columns-container--><\/div><!--.wvc-row-content--><\/div><!--.wvc-row-wrapper--><\/div><!--.wvc-row--><\/p>","protected":false},"excerpt":{"rendered":"Queen Elizabeth I of England When the \u201cInvincible\u201d (word given by the English Sailors) Spanish Armada of 130 ships set sail from \u201cA Coru\u00f1a\u201d in the NorthWest of Spain on July 19th. 1588, their mission wasn\u2019t just to conquer England with a view to restoring the abolished Catholic faith but to also conquer the heart...<p><a rel=\"bookmark\" class=\"hares_button_alt wvc-button wvc-button-size-xs\" href=\"https:\/\/armadacider1588.com\/es\/history\"><span>Seguir leyendo<\/span><\/a><\/p>","protected":false},"author":1,"featured_media":5787,"parent":0,"menu_order":0,"comment_status":"closed","ping_status":"closed","template":"","meta":{"footnotes":""},"class_list":{"0":"post-5654","1":"page","2":"type-page","3":"status-publish","4":"has-post-thumbnail","5":"hentry","6":"entry","7":"clearfix","8":"entry-grid","9":"entry-columns-default","10":"entry-page-module-layout-standard","11":"thumbnail-color-tone-dark","12":"metro-landscape","13":"entry-page","15":"entry-page-grid"},"_links":{"self":[{"href":"https:\/\/armadacider1588.com\/es\/wp-json\/wp\/v2\/pages\/5654","targetHints":{"allow":["GET"]}}],"collection":[{"href":"https:\/\/armadacider1588.com\/es\/wp-json\/wp\/v2\/pages"}],"about":[{"href":"https:\/\/armadacider1588.com\/es\/wp-json\/wp\/v2\/types\/page"}],"author":[{"embeddable":true,"href":"https:\/\/armadacider1588.com\/es\/wp-json\/wp\/v2\/users\/1"}],"replies":[{"embeddable":true,"href":"https:\/\/armadacider1588.com\/es\/wp-json\/wp\/v2\/comments?post=5654"}],"version-history":[{"count":18,"href":"https:\/\/armadacider1588.com\/es\/wp-json\/wp\/v2\/pages\/5654\/revisions"}],"predecessor-version":[{"id":5704,"href":"https:\/\/armadacider1588.com\/es\/wp-json\/wp\/v2\/pages\/5654\/revisions\/5704"}],"wp:featuredmedia":[{"embeddable":true,"href":"https:\/\/armadacider1588.com\/es\/wp-json\/wp\/v2\/media\/5787"}],"wp:attachment":[{"href":"https:\/\/armadacider1588.com\/es\/wp-json\/wp\/v2\/media?parent=5654"}],"curies":[{"name":"wp","href":"https:\/\/api.w.org\/{rel}","templated":true}]}}