{"id":3080,"date":"2017-11-05T15:21:37","date_gmt":"2017-11-05T15:21:37","guid":{"rendered":"https:\/\/demos.wolfthemes.com\/hares\/?page_id=3080"},"modified":"2020-10-15T19:17:00","modified_gmt":"2020-10-15T19:17:00","slug":"about","status":"publish","type":"page","link":"https:\/\/armadacider1588.com\/es\/about","title":{"rendered":"Acerca de"},"content":{"rendered":"<div data-font-color=\"dark\" class=\"wvc-clearfix  wvc-row wvc-parent-row wvc-row-width-wide wvc-row-layout-column wvc-video-bg-is-mute wvc-row-bg-effect-none wvc-row-bg-image wvc-font-dark wvc-border-color-none wvc-background-color-default wvc-row-content-placement-default wvc-row-columns-placement-default section\" style=\"\"><div  class=\"wvc-img-bg\" style=\"background-position:center center;background-repeat:repeat;background-image:url(https:\/\/armadacider1588.com\/wp-content\/uploads\/2017\/11\/pattern_paint_white.jpg);\"><\/div><div class=\"wvc-row-wrapper wvc-row-wrapper-width-small wvc-row-column-equal-height-\" style=\"\"><div class=\"wvc-row-content\"><div class=\"wvc-columns-container\" style=\"\"><div id=\"wvc-col-5556\" class=\"wvc-col-12 wvc-column wvc-column-content-placement-default wvc-column-content-type-default wvc-column-content-alignment-center wvc-column-text-alignment-default\" data-base-width-int=\"12\" style=\"\"><div class=\"wvc-column-container wvc-column-bg-default wvc-column-bg-effect-none wvc-font-inherit wvc-column-font-inherit wvc-column-style-none wvc-border-color-none wvc-background-color-default\" style=\"\"><div class=\"wvc-column-inner\"><div class=\"wvc-column-wrapper wpb_wrapper\" style=\"\"><div class=\"wvc-custom-heading wvc-element wvc-text-align-center\" style=\"\"><h3 style=\"font-size:24px;font-weight:700;text-align:center;line-height:1.5;\" class=\"wvc-mobile-text-align- wvc-text-color-default\" data-heading-text=\"A product has to be technical, functional and emotional. What does this mean?\"\r\n\t\tdata-max-font-size=\"24\"\r\n\t\tdata-min-font-size=\"18\">Un producto tiene que ser t\u00e9cnico, funcional y emocional. \u00bfQu\u00e9 significa esto?<\/h3><\/div><div class=\"wvc-text-block wvc-clearfix wvc-element wvc-mobile-text-align-\" style=\"\"><div class=\"wbp_wrapper\"><div class=\"mp-row-fluid motopress-row mpce-dsbl-margin-left mpce-dsbl-margin-right\">\n<div class=\"mp-span12 motopress-clmn mpce-dsbl-margin-left mpce-dsbl-margin-right\">\n<div class=\"motopress-text-obj\">\n<ul>\n<li>\n<h5><span style=\"font-size: 12pt;font-family: georgia, palatino, serif\"><strong>\u00a1T\u00e9cnico<\/strong>\u00a0- est\u00e1 elaborado con\u00a0<strong>ingredientes\u00a0<\/strong>de grado de calidad SUPERIOR!<\/span><\/h5>\n<\/li>\n<\/ul>\n<\/div>\n<\/div>\n<\/div>\n<\/div><!--.wbp_wrapper--><\/div><!--.wvc-text-block--><div class=\"wvc-separator-align_center wvc-separator wvc-clearfix wvc-mobile-align- wvc-border-color-accent wvc-separator-horizontal\" style=\"border-bottom-width:3px;border-top-width: 0;width:50px;height:0;border-style:solid;\"><\/div><!--.wvc-separator--><div class=\"wvc-text-block wvc-clearfix wvc-element wvc-mobile-text-align-\" style=\"\"><div class=\"wbp_wrapper\"><ul>\n<li>\n<h5><span style=\"font-size: 12pt\"><strong>\u00a1Funcional<\/strong>\u00a0\u2013 que\u00a0<strong>realmente<\/strong>\u00a0huele, se ve y sabe a lo que dice en la botella y es tan refrescante como comer las frutas reales!<\/span><\/h5>\n<\/li>\n<\/ul>\n<\/div><!--.wbp_wrapper--><\/div><!--.wvc-text-block--><div class=\"wvc-separator-align_center wvc-separator wvc-clearfix wvc-mobile-align- wvc-border-color-accent wvc-separator-horizontal\" style=\"border-bottom-width:3px;border-top-width: 0;width:50px;height:0;border-style:solid;\"><\/div><!--.wvc-separator--><div class=\"wvc-text-block wvc-clearfix wvc-element wvc-mobile-text-align-\" style=\"\"><div class=\"wbp_wrapper\"><ul>\n<li>\n<h5><strong>Emocional<\/strong>\u00a0- la imagen del producto, el marketing y la historia es atractiva e interesante para todas\u00a0<strong>las edades<\/strong>.<\/h5>\n<\/li>\n<\/ul>\n<\/div><!--.wbp_wrapper--><\/div><!--.wvc-text-block--><\/div><!--.wvc-column-wrapper--><\/div><!--.wvc-column-inner--><\/div><!--.wvc-column-container--><\/div><!--.wvc-column--><\/div><!--.wvc-columns-container--><\/div><!--.wvc-row-content--><\/div><!--.wvc-row-wrapper--><\/div><!--.wvc-row--><div  data-font-color=\"light\" class=\"wvc-clearfix  wvc-row wvc-parent-row wvc-row-width-wide wvc-row-layout-column wvc-video-bg-is-mute wvc-row-bg-effect-none wvc-row-bg-image wvc-font-light wvc-border-color-none wvc-background-color-default wvc-row-content-placement-default wvc-row-columns-placement-default section\" style=\"\"><div class=\"wvc-img-bg\" style=\"background-color:#121780;\"><img\r\n\t\t\t\tsrc=\"https:\/\/armadacider1588.com\/wp-content\/plugins\/wolf-visual-composer\/assets\/img\/blank.gif\"\r\n\t\t\t\tstyle=\"object-position:50% 50%;\"\r\n\t\t\t\tdata-src=\"https:\/\/armadacider1588.com\/wp-content\/uploads\/2019\/06\/parallax_pic1_Blue__-1024x457.jpg\" srcset=\"https:\/\/armadacider1588.com\/wp-content\/uploads\/2019\/06\/parallax_pic1_Blue__-1024x457.jpg 1024w, https:\/\/armadacider1588.com\/wp-content\/uploads\/2019\/06\/parallax_pic1_Blue__-1024x457-300x134.jpg 300w, https:\/\/armadacider1588.com\/wp-content\/uploads\/2019\/06\/parallax_pic1_Blue__-1024x457-768x343.jpg 768w, https:\/\/armadacider1588.com\/wp-content\/uploads\/2019\/06\/parallax_pic1_Blue__-1024x457-500x223.jpg 500w, https:\/\/armadacider1588.com\/wp-content\/uploads\/2019\/06\/parallax_pic1_Blue__-1024x457-550x245.jpg 550w, https:\/\/armadacider1588.com\/wp-content\/uploads\/2019\/06\/parallax_pic1_Blue__-1024x457-400x179.jpg 400w, https:\/\/armadacider1588.com\/wp-content\/uploads\/2019\/06\/parallax_pic1_Blue__-1024x457-709x316.jpg 709w\" class=\"wvc-img-cover wvc-lazy-hidden wvc-lazyload-bg\"\r\n\t\t\t\tsizes=\"(max-width: 1024px) 100vw, 1024px\"\r\n\t\t\t\talt=\"\"><div class=\"wvc-img-bg-overlay\"><\/div><\/div><div style=\"opacity:0.3;\" class=\"wvc-bg-overlay wvc-background-color-black\"><\/div><!--.wvc-bg-overlay--><div class=\"wvc-row-wrapper wvc-row-wrapper-width-standard wvc-row-column-equal-height-\" style=\"\"><div class=\"wvc-row-content\"><div class=\"wvc-columns-container\" style=\"\"><div id=\"wvc-col-7926\" class=\"wvc-col-12 wvc-column wvc-column-content-placement-default wvc-column-content-type-default wvc-column-content-alignment-center wvc-column-text-alignment-default\" data-base-width-int=\"12\" style=\"\"><div class=\"wvc-column-container wvc-column-bg-default wvc-column-bg-effect-none wvc-font-inherit wvc-column-font-inherit wvc-column-style-none wvc-border-color-none wvc-background-color-default\" style=\"\"><div class=\"wvc-column-inner\"><div class=\"wvc-column-wrapper wpb_wrapper\" style=\"\"><div class=\"wvc-custom-heading wvc-element wvc-text-align-center\" style=\"\"><h2 style=\"font-size:36px;font-weight:700;text-align:center;line-height:1.5;\" class=\"wvc-mobile-text-align- wvc-text-color-default\" data-heading-text=\"Why Armada Cider 1588?\"\r\n\t\tdata-max-font-size=\"36\"\r\n\t\tdata-min-font-size=\"18\">Por Qu\u00e9 Armada Cider 1588?<\/h2><\/div><div class=\"vc_empty_space\"   style=\"height: 40px\" ><span class=\"vc_empty_space_inner\"><\/span><\/div><div class=\"wvc-clearfix  wvc-row-inner wvc-row-content wvc-row-inner-layout-column wvc-font-inherit wvc-row-bg-default wvc-row-bg-effect-none wvc-border-color-none\" style=\"\"><div class=\"wvc-row-inner-wrapper wvc-row-inner-wrapper-width-inherit wvc-row-inner-column-equal-height- wvc-row-inner-content-placement- wvc-background-color-default\"><div class=\"wvc-row-inner-content\"><div id=\"wvc-col-5847\" class=\"wvc-col-3 wvc-column wvc-inner-column wvc-column-content-placement-default wvc-column-content-type-default wvc-column-content-alignment-center wvc-column-text-alignment-default\" data-base-width-int=\"3\" style=\"\"><div class=\"wvc-column-container wvc-column-bg-default wvc-column-bg-effect-none wvc-font-inherit wvc-column-style-none wvc-border-color-none wvc-background-color-default\" style=\"\"><div class=\"wvc-column-inner\"><div class=\"wvc-column-wrapper wpb_wrapper\" style=\"\"><div class=\"wvc-single-image-alignement-center wvc-single-image-shape-default wvc-element\" style=\"\" data-aos=\"zoom-in\" data-aos-once=\"true\"><figure class=\"wvc-mobile-text-align- wvc-single-image wvc-single-image-overlay- wvc-single-image-hover-effect-up wvc-single-image-border- wvc-single-image-shadow- wvc-single-image-add-caption-\" style=\"max-width:100%;opacity:1;\"><span class=\"wvc-img wvc-img-hover-effect-up\"><img loading=\"lazy\" decoding=\"async\" width=\"94\" height=\"93\" src=\"https:\/\/armadacider1588.com\/wp-content\/uploads\/2019\/06\/Gluten.png\" class=\"\" alt=\"\" \/><\/span><\/figure><\/div><div class=\"wvc-text-block wvc-clearfix wvc-element wvc-mobile-text-align-\" style=\"\"><div class=\"wbp_wrapper\"><h4><\/h4>\n<h4 style=\"text-align: center\">\u00a1SIN GLUTEN!<\/h4>\n<\/div><!--.wbp_wrapper--><\/div><!--.wvc-text-block--><\/div><!--.wvc-column-wrapper--><\/div><!--.wvc-column-inner--><\/div><!--.wvc-column-container--><\/div><!--.wvc-column--><div id=\"wvc-col-76\" class=\"wvc-col-3 wvc-column wvc-inner-column wvc-column-content-placement-center wvc-column-content-type-default wvc-column-content-alignment-center wvc-column-text-alignment-default\" data-base-width-int=\"3\" style=\"\"><div class=\"wvc-column-container wvc-column-bg-default wvc-column-bg-effect-none wvc-font-inherit wvc-column-style-none wvc-border-color-none wvc-background-color-default\" style=\"\"><div class=\"wvc-column-inner\"><div class=\"wvc-column-wrapper wpb_wrapper\" style=\"\"><div class=\"wvc-single-image-alignement-center wvc-single-image-shape-default wvc-element\" style=\"\" data-aos=\"zoom-in\" data-aos-once=\"true\"><figure class=\"wvc-mobile-text-align- wvc-single-image wvc-single-image-overlay- wvc-single-image-hover-effect-up wvc-single-image-border- wvc-single-image-shadow- wvc-single-image-add-caption-\" style=\"max-width:100%;opacity:1;\"><span class=\"wvc-img wvc-img-hover-effect-up\"><img decoding=\"async\" class=\"\" src=\"https:\/\/armadacider1588.com\/wp-content\/uploads\/2019\/06\/Sugar.png\" width=\"93\" height=\"92\" alt=\"Sugar\" title=\"Sugar\" loading=\"lazy\" \/><\/span><\/figure><\/div><div class=\"wvc-text-block wvc-clearfix wvc-element wvc-mobile-text-align-\" style=\"\"><div class=\"wbp_wrapper\"><h6><\/h6>\n<h6><span style=\"font-size: 14pt\">\u00a10% de az\u00facar a\u00f1adido para la variante de manzana (craft apple) y s\u00f3lo el 3% para las variantes con otras frutas!<\/span><\/h6>\n<\/div><!--.wbp_wrapper--><\/div><!--.wvc-text-block--><\/div><!--.wvc-column-wrapper--><\/div><!--.wvc-column-inner--><\/div><!--.wvc-column-container--><\/div><!--.wvc-column--><div id=\"wvc-col-5341\" class=\"wvc-col-3 wvc-column wvc-inner-column wvc-column-content-placement-center wvc-column-content-type-default wvc-column-content-alignment-center wvc-column-text-alignment-default\" data-base-width-int=\"3\" style=\"\"><div class=\"wvc-column-container wvc-column-bg-default wvc-column-bg-effect-none wvc-font-inherit wvc-column-style-none wvc-border-color-none wvc-background-color-default\" style=\"\"><div class=\"wvc-column-inner\"><div class=\"wvc-column-wrapper wpb_wrapper\" style=\"\"><div class=\"wvc-single-image-alignement-center wvc-single-image-shape-default wvc-element\" style=\"\" data-aos=\"zoom-in\" data-aos-once=\"true\"><figure class=\"wvc-mobile-text-align- wvc-single-image wvc-single-image-overlay- wvc-single-image-hover-effect-up wvc-single-image-border- wvc-single-image-shadow- wvc-single-image-add-caption-\" style=\"max-width:100%;opacity:1;\"><span class=\"wvc-img wvc-img-hover-effect-up\"><img decoding=\"async\" class=\"\" src=\"https:\/\/armadacider1588.com\/wp-content\/uploads\/2019\/06\/Vegan.png\" width=\"94\" height=\"93\" alt=\"Vegan\" title=\"Vegana\" loading=\"lazy\" \/><\/span><\/figure><\/div><div class=\"wvc-text-block wvc-clearfix wvc-element wvc-mobile-text-align-\" style=\"\"><div class=\"wbp_wrapper\"><h6><\/h6>\n<h6><span style=\"font-size: 14pt\">\u00a1La sidra de manzana (SKU craft apple) est\u00e1 elaborada con vino de manzana fermentado y jugo de manzana prensada a\u00f1adido, conjuntamente al 85% en volumen del l\u00edquido terminado!<\/span><\/h6>\n<\/div><!--.wbp_wrapper--><\/div><!--.wvc-text-block--><\/div><!--.wvc-column-wrapper--><\/div><!--.wvc-column-inner--><\/div><!--.wvc-column-container--><\/div><!--.wvc-column--><div id=\"wvc-col-6056\" class=\"wvc-col-3 wvc-column wvc-inner-column wvc-column-content-placement-center wvc-column-content-type-default wvc-column-content-alignment-center wvc-column-text-alignment-default\" data-base-width-int=\"3\" style=\"\"><div class=\"wvc-column-container wvc-column-bg-default wvc-column-bg-effect-none wvc-font-inherit wvc-column-style-none wvc-border-color-none wvc-background-color-default\" style=\"\"><div class=\"wvc-column-inner\"><div class=\"wvc-column-wrapper wpb_wrapper\" style=\"\"><div class=\"wvc-single-image-alignement-center wvc-single-image-shape-default wvc-element\" style=\"\" data-aos=\"zoom-in\" data-aos-once=\"true\"><figure class=\"wvc-mobile-text-align- wvc-single-image wvc-single-image-overlay- wvc-single-image-hover-effect-up wvc-single-image-border- wvc-single-image-shadow- wvc-single-image-add-caption-\" style=\"max-width:100%;opacity:1;\"><span class=\"wvc-img wvc-img-hover-effect-up\"><img decoding=\"async\" class=\"\" src=\"https:\/\/armadacider1588.com\/wp-content\/uploads\/2020\/10\/Kosher-new.png\" width=\"93\" height=\"93\" alt=\"Kosher-new\" title=\"Kosher-new\" loading=\"lazy\" \/><\/span><\/figure><\/div><div class=\"wvc-text-block wvc-clearfix wvc-element wvc-mobile-text-align-\" style=\"\"><div class=\"wbp_wrapper\"><h6><\/h6>\n<h6 style=\"text-align: left\"><span style=\"font-size: 14pt\">Kosher. \u00a1Sidras m\u00e1s refrescantes, m\u00e1s sabrosas y m\u00e1s saludables!<\/span><\/h6>\n<\/div><!--.wbp_wrapper--><\/div><!--.wvc-text-block--><\/div><!--.wvc-column-wrapper--><\/div><!--.wvc-column-inner--><\/div><!--.wvc-column-container--><\/div><!--.wvc-column--><\/div><!--.wvc-row-content--><\/div><!--.wvc-row-inner-wrapper--><\/div><!--.wvc-row--><\/div><!--.wvc-column-wrapper--><\/div><!--.wvc-column-inner--><\/div><!--.wvc-column-container--><\/div><!--.wvc-column--><\/div><!--.wvc-columns-container--><\/div><!--.wvc-row-content--><\/div><!--.wvc-row-wrapper--><\/div><!--.wvc-row--><div  data-font-color=\"dark\" class=\"wvc-clearfix  wvc-row wvc-parent-row wvc-row-width-wide wvc-row-layout-column wvc-video-bg-is-mute wvc-row-bg-effect-none wvc-row-bg-image wvc-font-dark wvc-border-color-none wvc-background-color-default wvc-row-content-placement-default wvc-row-columns-placement-default section\" style=\"\"><div  class=\"wvc-img-bg\" style=\"background-position:center center;background-repeat:repeat;background-image:url(https:\/\/armadacider1588.com\/wp-content\/uploads\/2017\/11\/pattern_paint_white.jpg);\"><\/div><div class=\"wvc-row-wrapper wvc-row-wrapper-width-standard wvc-row-column-equal-height-\" style=\"\"><div class=\"wvc-row-content\"><div class=\"wvc-columns-container\" style=\"\"><div id=\"wvc-col-7584\" class=\"wvc-col-12 wvc-column wvc-column-content-placement-default wvc-column-content-type-default wvc-column-content-alignment-center wvc-column-text-alignment-default\" data-base-width-int=\"12\" style=\"\"><div class=\"wvc-column-container wvc-column-bg-transparent wvc-column-bg-effect-none wvc-font-dark wvc-column-font-dark wvc-column-style-none wvc-border-color-none wvc-background-color-default\" style=\"\"><div class=\"wvc-column-inner\"><div class=\"wvc-column-wrapper wpb_wrapper\" style=\"\">\r\n<div class=\"wvc-pricing-table-inner wvc-element\" style=\"\"><ul><li class=\"wvc-pricing-table-title-cell\"><h6 class=\"wvc-pricing-table-title\">Valores Nutricionales Por 100 ml<\/h6><span class=\"wvc-pricing-table-tagline\">Craft apple<\/span><\/li><li class=\"wvc-pt-cell\"><span class=\"wvc-pt-cell-text\">Valor energ\u00e9tico:<\/span><\/li><li class=\"wvc-pt-cell\"><span class=\"wvc-pt-cell-text\">Grasas: 0 g<\/span><\/li><li class=\"wvc-pt-cell\"><span class=\"wvc-pt-cell-text\">-de las cuales saturadas: 0 g<\/span><\/li><li class=\"wvc-pt-cell\"><span class=\"wvc-pt-cell-text\">Hidratos de carbono: 6.5 g<\/span><\/li><li class=\"wvc-pt-cell\"><span class=\"wvc-pt-cell-text\">-de los cuales az\u00facares que ocurren naturalmente: 5.1 g<\/span><\/li><li class=\"wvc-pt-cell\"><span class=\"wvc-pt-cell-text\">-de los cuales az\u00facares a\u00f1adidos: 0 g<\/span><\/li><li class=\"wvc-pt-cell\"><span class=\"wvc-pt-cell-text\">Prote\u00ednas: 0 g<\/span><\/li><li class=\"wvc-pt-cell\"><span class=\"wvc-pt-cell-text\">Sal: 0.01 g<\/span><\/li><\/ul><\/div><!--.wvc-pricing-table-inner--><\/div><!--.wvc-column-wrapper--><\/div><!--.wvc-column-inner--><\/div><!--.wvc-column-container--><\/div><!--.wvc-column--><\/div><!--.wvc-columns-container--><\/div><!--.wvc-row-content--><\/div><!--.wvc-row-wrapper--><\/div><!--.wvc-row--><\/p>","protected":false},"excerpt":{"rendered":"A product has to be technical, functional and emotional. What does this mean? Technical\u00a0\u2013 that it is made from\u00a0TOP\u00a0quality grade ingredients. Functional\u00a0\u2013 that it\u00a0really\u00a0smells of, looks of and tastes of what it says on the bottle and that it is as refreshing as eating the real fruits! Emotional\u00a0\u2013 product image, marketing and history is appealing...<p><a rel=\"bookmark\" class=\"hares_button_alt wvc-button wvc-button-size-xs\" href=\"https:\/\/armadacider1588.com\/es\/about\"><span>Seguir leyendo<\/span><\/a><\/p>","protected":false},"author":1,"featured_media":5854,"parent":0,"menu_order":0,"comment_status":"closed","ping_status":"closed","template":"","meta":{"footnotes":""},"class_list":{"0":"post-3080","1":"page","2":"type-page","3":"status-publish","4":"has-post-thumbnail","5":"hentry","6":"entry","7":"clearfix","8":"entry-grid","9":"entry-columns-default","10":"entry-page-module-layout-standard","11":"thumbnail-color-tone-dark","12":"entry-page","14":"entry-page-grid"},"_links":{"self":[{"href":"https:\/\/armadacider1588.com\/es\/wp-json\/wp\/v2\/pages\/3080","targetHints":{"allow":["GET"]}}],"collection":[{"href":"https:\/\/armadacider1588.com\/es\/wp-json\/wp\/v2\/pages"}],"about":[{"href":"https:\/\/armadacider1588.com\/es\/wp-json\/wp\/v2\/types\/page"}],"author":[{"embeddable":true,"href":"https:\/\/armadacider1588.com\/es\/wp-json\/wp\/v2\/users\/1"}],"replies":[{"embeddable":true,"href":"https:\/\/armadacider1588.com\/es\/wp-json\/wp\/v2\/comments?post=3080"}],"version-history":[{"count":43,"href":"https:\/\/armadacider1588.com\/es\/wp-json\/wp\/v2\/pages\/3080\/revisions"}],"predecessor-version":[{"id":6565,"href":"https:\/\/armadacider1588.com\/es\/wp-json\/wp\/v2\/pages\/3080\/revisions\/6565"}],"wp:featuredmedia":[{"embeddable":true,"href":"https:\/\/armadacider1588.com\/es\/wp-json\/wp\/v2\/media\/5854"}],"wp:attachment":[{"href":"https:\/\/armadacider1588.com\/es\/wp-json\/wp\/v2\/media?parent=3080"}],"curies":[{"name":"wp","href":"https:\/\/api.w.org\/{rel}","templated":true}]}}